{"id":199,"date":"2024-02-06T00:16:56","date_gmt":"2024-02-06T03:16:56","guid":{"rendered":"https:\/\/escoladocaminho.com\/?page_id=199"},"modified":"2024-07-23T02:29:27","modified_gmt":"2024-07-23T05:29:27","slug":"quem-somos","status":"publish","type":"page","link":"https:\/\/escoladocaminho.com\/?page_id=199","title":{"rendered":"Quem somos"},"content":{"rendered":"\n<p class=\"has-text-align-justify\">Meus irm\u00e3os em Cristo Jesus! Quem vos fala nesse roteiro s\u00e3o vossos irm\u00e3os Jaguares do Templo de Omeyoc\u00e3n.  Somos provenientes do Vale do Amanhecer \u2013 templo M\u00e3e. No nosso curr\u00edculo, temos a honra de dizer que fomos desenvolvidos por Koatay 108 e dela recebemos as consagra\u00e7\u00f5es. Ela nos instruiu, orientou, preparou. Ainda em Bras\u00edlia, recebemos do Pai Seta Branca a miss\u00e3o de constituir um poder decrescente-evang\u00e9lico-inici\u00e1tico nas terras do Cariri, sul do Cear\u00e1.<\/p>\n\n\n\n<p class=\"has-text-align-justify\">Desde ent\u00e3o temos sido todos escravos desse ideal. Aprendemos que feliz \u00e9 o homem que se torna escravo de uma grande ideia, pois assim nos ensinou Seta Branca, o nosso pai. Por esse ideal vivemos; por ele existimos, por ele abandonamos o livre pensar, pela simples l\u00f3gica, de servir e amar ao pr\u00f3ximo, como Jesus nos amou e nos ensinou.<\/p>\n\n\n\n<p class=\"has-text-align-justify\">Sejam bem vindos ao espa\u00e7o da Escola do Caminho. Somos todos, aqui, funcion\u00e1rios do sistema que Jesus implantou na Terra e que chamou de \u201cBoa Nova\u201d. Somos aqui irm\u00e3os, numa grande fam\u00edlia. Ela \u00e9 um departamento do sistema Cr\u00edstico na Terra, vestido e convertido nos moldes dos tempos atuais. Dele Jesus fala e se manifesta ao homem nesse ciclo atual. Faz-se f\u00edsico na roupagem de cada um que compreendeu o verdadeiro significado da vida, e que buscam os caminhos retos sob a luz da raz\u00e3o, da imortalidade.\u00a0<\/p>\n\n\n\n<p class=\"has-text-align-justify\">Esse sistema ritual\u00edstico \u00e9 muito mais que uma Doutrina. \u00c9 uma ci\u00eancia que comp\u00f5e um Comp\u00eandio humano-espiritual, conhecido e vivido por n\u00f3s como A Doutrina do Amanhecer. \u00c9 a s\u00edntese da hist\u00f3ria humana, refletindo e reproduzindo em sua intimidade, toda a luta evolutiva da humanidade na grande batalha da vida em busca de aprimoramento espiritual. Assim, vivemos e sentimos essa Doutrina, que est\u00e1 muito al\u00e9m da nossa compreens\u00e3o. Sobretudo, guardamos a mais absoluta certeza de que Jesus anunciou uma estrada; chamou de Escola do Caminho, a sua Doutrina.\u00a0 Esse caminho \u00e9 o do amor. A Doutrina do Amanhecer \u00e9 o amor. O amor \u00e9 o \u00fanico sentimento capaz de vencer todas as diferen\u00e7as, todos os preconceitos; capaz de tornar todos os homens irm\u00e3os, independentes de cor, ra\u00e7a e cren\u00e7a. Esse sentimento \u00e9 o que vivemos, \u00e9 por que lutamos, \u00e9 o que nos ensina essa Doutrina.<\/p>\n","protected":false},"excerpt":{"rendered":"<p>Meus irm\u00e3os em Cristo Jesus! Quem vos fala nesse roteiro s\u00e3o vossos irm\u00e3os Jaguares do Templo de Omeyoc\u00e3n. Somos provenientes do Vale do Amanhecer \u2013 templo M\u00e3e. No nosso curr\u00edculo, temos a honra de dizer que fomos desenvolvidos por Koatay 108 e dela recebemos as consagra\u00e7\u00f5es. Ela nos instruiu, orientou, preparou. Ainda em Bras\u00edlia, recebemos&#8230;<\/p>\n","protected":false},"author":1,"featured_media":0,"parent":0,"menu_order":0,"comment_status":"closed","ping_status":"closed","template":"","meta":{"_editorskit_title_hidden":true,"_editorskit_reading_time":0,"_editorskit_is_block_options_detached":false,"_editorskit_block_options_position":"{}","_joinchat":[],"footnotes":""},"class_list":["post-199","page","type-page","status-publish","hentry"],"jetpack_sharing_enabled":true,"_links":{"self":[{"href":"https:\/\/escoladocaminho.com\/index.php?rest_route=\/wp\/v2\/pages\/199","targetHints":{"allow":["GET"]}}],"collection":[{"href":"https:\/\/escoladocaminho.com\/index.php?rest_route=\/wp\/v2\/pages"}],"about":[{"href":"https:\/\/escoladocaminho.com\/index.php?rest_route=\/wp\/v2\/types\/page"}],"author":[{"embeddable":true,"href":"https:\/\/escoladocaminho.com\/index.php?rest_route=\/wp\/v2\/users\/1"}],"replies":[{"embeddable":true,"href":"https:\/\/escoladocaminho.com\/index.php?rest_route=%2Fwp%2Fv2%2Fcomments&post=199"}],"version-history":[{"count":5,"href":"https:\/\/escoladocaminho.com\/index.php?rest_route=\/wp\/v2\/pages\/199\/revisions"}],"predecessor-version":[{"id":1511,"href":"https:\/\/escoladocaminho.com\/index.php?rest_route=\/wp\/v2\/pages\/199\/revisions\/1511"}],"wp:attachment":[{"href":"https:\/\/escoladocaminho.com\/index.php?rest_route=%2Fwp%2Fv2%2Fmedia&parent=199"}],"curies":[{"name":"wp","href":"https:\/\/api.w.org\/{rel}","templated":true}]}}