{"id":1836,"date":"2025-04-06T12:01:56","date_gmt":"2025-04-06T15:01:56","guid":{"rendered":"https:\/\/escoladocaminho.com\/?page_id=1836"},"modified":"2025-04-06T12:09:33","modified_gmt":"2025-04-06T15:09:33","slug":"diretrizes-editoriais","status":"publish","type":"page","link":"https:\/\/escoladocaminho.com\/?page_id=1836","title":{"rendered":"Diretrizes editoriais"},"content":{"rendered":"<p>Amigos e irm\u00e3os, sauda\u00e7\u00f5es a todos!<\/p>\n<p style=\"text-align: justify;\">Todos os manuais, textos, livros, apostilas, folhetos, encartes e materiais afins, de natureza virtual ou impressa, publicados pela Escola do Caminho \u2013 Templo de Omeyoc\u00e3n s\u00e3o de dom\u00ednio p\u00fablico, n\u00e3o existindo, sob qualquer hip\u00f3tese, nenhum t\u00edtulo de posse ou de propriedade sobre os mesmos. Podem, desta maneira, ser reproduzidos por qualquer via, anal\u00f3gica ou digital, como por qualquer suporte: \u00e1udio-visual, radiogr\u00e1fico, textual ou imag\u00e9tico. A Escola do Caminho \u2013 Templo de Omeyoc\u00e3n n\u00e3o se responsabiliza, entretanto, por qualquer altera\u00e7\u00e3o realizada por terceiros nos materiais dispon\u00edveis em <strong><em>www.escoladocaminho.com<\/em><\/strong>, como tamb\u00e9m isenta-se da responsabilidade de qualquer cobran\u00e7a pecuni\u00e1ria que caracterize lucro por parte de terceiros.<\/p>\n<p style=\"text-align: justify;\">Igualmente, todas as imagens utilizadas no site <em><strong>www.escoladocaminho.com<\/strong><\/em> s\u00e3o de dom\u00ednio e uso p\u00fablico, selecionadas com o devido cuidado para respeitar as normas de licenciamento aberto. Isso significa que podem ser reproduzidas, compartilhadas ou utilizadas por qualquer meio, desde que mantidas as caracter\u00edsticas e condi\u00e7\u00f5es originais de acesso livre.<\/p>\n<p style=\"text-align: justify;\">Os valores praticados pela Escola do Caminho \u2013 Templo de Omeyoc\u00e3n nas plataformas de distribui\u00e7\u00e3o de livros, tais como Amazon, Google ou qualquer outra, dizem respeito somente aos impostos e \u00e0s taxas cobradas para a disponibiliza\u00e7\u00e3o de materiais nestes espa\u00e7os. N\u00e3o h\u00e1, por parte de qualquer integrante tampouco da entidade como pessoa jur\u00eddica, qualquer auferi\u00e7\u00e3o de lucro de natureza pecuni\u00e1ria ou de qualquer outra natureza pela venda e\/ou distribui\u00e7\u00e3o de tais materiais.<\/p>\n<p style=\"text-align: justify;\">A utiliza\u00e7\u00e3o do nome civil nos materiais doutrin\u00e1rios diz respeito somente \u00e0s exig\u00eancias das plataformas de distribui\u00e7\u00e3o e editoras colaboradoras. Esclarece-se, desta maneira, a quem possa interessar, que n\u00e3o h\u00e1 qualquer registro de autoria por parte dos idealizadores dos materiais ora em comento.<\/p>\n<p style=\"text-align: justify;\">A Escola do Caminho mant\u00e9m estrita observ\u00e2ncia \u00e0 orienta\u00e7\u00e3o cr\u00edstica &#8220;d\u00e1 sem restri\u00e7\u00e3o o que de gra\u00e7a recebeis&#8221;, e por isso reafirma seu compromisso com o uso consciente e acess\u00edvel dos materiais doutrin\u00e1rios dispon\u00edveis na internet.<\/p>\n<p>&nbsp;<\/p>\n<p style=\"text-align: right;\">Os editores<\/p>\n","protected":false},"excerpt":{"rendered":"<p>Amigos e irm\u00e3os, sauda\u00e7\u00f5es a todos! Todos os manuais, textos, livros, apostilas, folhetos, encartes e materiais afins, de natureza virtual ou impressa, publicados pela Escola do Caminho \u2013 Templo de Omeyoc\u00e3n s\u00e3o de dom\u00ednio p\u00fablico, n\u00e3o existindo, sob qualquer hip\u00f3tese, nenhum t\u00edtulo de posse ou de propriedade sobre os mesmos. Podem, desta maneira, ser reproduzidos&#8230;<\/p>\n","protected":false},"author":1,"featured_media":0,"parent":0,"menu_order":0,"comment_status":"closed","ping_status":"closed","template":"","meta":{"_editorskit_title_hidden":false,"_editorskit_reading_time":0,"_editorskit_is_block_options_detached":false,"_editorskit_block_options_position":"{}","_joinchat":[],"footnotes":""},"class_list":["post-1836","page","type-page","status-publish","hentry"],"jetpack_sharing_enabled":true,"_links":{"self":[{"href":"https:\/\/escoladocaminho.com\/index.php?rest_route=\/wp\/v2\/pages\/1836","targetHints":{"allow":["GET"]}}],"collection":[{"href":"https:\/\/escoladocaminho.com\/index.php?rest_route=\/wp\/v2\/pages"}],"about":[{"href":"https:\/\/escoladocaminho.com\/index.php?rest_route=\/wp\/v2\/types\/page"}],"author":[{"embeddable":true,"href":"https:\/\/escoladocaminho.com\/index.php?rest_route=\/wp\/v2\/users\/1"}],"replies":[{"embeddable":true,"href":"https:\/\/escoladocaminho.com\/index.php?rest_route=%2Fwp%2Fv2%2Fcomments&post=1836"}],"version-history":[{"count":4,"href":"https:\/\/escoladocaminho.com\/index.php?rest_route=\/wp\/v2\/pages\/1836\/revisions"}],"predecessor-version":[{"id":1840,"href":"https:\/\/escoladocaminho.com\/index.php?rest_route=\/wp\/v2\/pages\/1836\/revisions\/1840"}],"wp:attachment":[{"href":"https:\/\/escoladocaminho.com\/index.php?rest_route=%2Fwp%2Fv2%2Fmedia&parent=1836"}],"curies":[{"name":"wp","href":"https:\/\/api.w.org\/{rel}","templated":true}]}}